{"id":238,"date":"2016-03-01T12:35:18","date_gmt":"2016-03-01T12:35:18","guid":{"rendered":"http:\/\/cansurmeli.com\/other\/prodar\/?page_id=238"},"modified":"2016-03-18T11:24:45","modified_gmt":"2016-03-18T09:24:45","slug":"coming-soon","status":"publish","type":"page","link":"https:\/\/prodar.com.tr\/en\/coming-soon\/","title":{"rendered":"Coming Soon"},"content":{"rendered":"<p><\/p>\n<h1 style=\"text-align: center;\">PRODAR ENGINEERING &amp; CONSTRUCTION<\/h1>\n<h2 style=\"text-align: center;\">Coming Soon \u00a0 | \u00a0 Yak\u0131nda<\/h2>\n<p style=\"text-align: center;\">Our web site will soon be in your service \u00a0 | \u00a0 Web sayfam\u0131z yak\u0131nda hizmetinizde olacakt\u0131r<\/p>\n<p><\/p>","protected":false},"excerpt":{"rendered":"<p>PRODAR ENGINEERING &amp; CONSTRUCTION Coming Soon \u00a0 | \u00a0 Yak\u0131nda Our web site will soon be in your service \u00a0 | \u00a0 Web sayfam\u0131z yak\u0131nda hizmetinizde olacakt\u0131r<\/p>\n","protected":false},"author":2,"featured_media":0,"parent":0,"menu_order":-1,"comment_status":"closed","ping_status":"closed","template":"","meta":[],"_links":{"self":[{"href":"https:\/\/prodar.com.tr\/en\/wp-json\/wp\/v2\/pages\/238"}],"collection":[{"href":"https:\/\/prodar.com.tr\/en\/wp-json\/wp\/v2\/pages"}],"about":[{"href":"https:\/\/prodar.com.tr\/en\/wp-json\/wp\/v2\/types\/page"}],"author":[{"embeddable":true,"href":"https:\/\/prodar.com.tr\/en\/wp-json\/wp\/v2\/users\/2"}],"replies":[{"embeddable":true,"href":"https:\/\/prodar.com.tr\/en\/wp-json\/wp\/v2\/comments?post=238"}],"version-history":[{"count":18,"href":"https:\/\/prodar.com.tr\/en\/wp-json\/wp\/v2\/pages\/238\/revisions"}],"predecessor-version":[{"id":537,"href":"https:\/\/prodar.com.tr\/en\/wp-json\/wp\/v2\/pages\/238\/revisions\/537"}],"wp:attachment":[{"href":"https:\/\/prodar.com.tr\/en\/wp-json\/wp\/v2\/media?parent=238"}],"curies":[{"name":"wp","href":"https:\/\/api.w.org\/{rel}","templated":true}]}}