{"id":15,"date":"2016-02-25T12:12:18","date_gmt":"2016-02-25T12:12:18","guid":{"rendered":"http:\/\/cansurmeli.com\/other\/prodar\/?page_id=15"},"modified":"2019-06-19T23:51:12","modified_gmt":"2019-06-19T21:51:12","slug":"about-us","status":"publish","type":"page","link":"https:\/\/prodar.com.tr\/tr\/hakkimizda\/","title":{"rendered":"Hakk\u0131m\u0131zda"},"content":{"rendered":"<p><span>PRODAR M\u00dcHEND\u0130SL\u0130K VE \u0130N\u015eAAT, LLC.\u00a0prensip olarak t\u00fcm d\u00fcnyada anahtar teslim bir alt y\u00fcklenici olarak Uluslararas\u0131 \u00f6zel projelerin in\u015fas\u0131 ile ilgilenmektedir.\u00a0PRODAR, tasar\u0131m konseptinden uygulamaya kadar \u00e7e\u015fitli sanat yap\u0131 in\u015faat projelerinde deneyim sahibi m\u00fchendis grubuna sahiptir.\u00a0PRODAR ayr\u0131ca, y\u00fckseltilmesi veya daha y\u00fcksek bir standarda g\u00f6t\u00fcr\u00fclmesi gereken mevcut sorunlar\u0131 \u00e7\u00f6zmek i\u00e7in \u00e7\u00f6z\u00fcm sa\u011flay\u0131c\u0131s\u0131 olarak \u015firketler aras\u0131nda g\u00fcven kazanm\u0131\u015ft\u0131r.<\/span><\/p>\n<div class=\"page\" title=\"Sayfa 1\">\n<div class=\"section\">\n<div class=\"layoutArea\">\n<div class=\"column\">\n<p><span>PRODAR, ta\u015feron olarak \u00e7ok say\u0131da Uluslararas\u0131 \u0130n\u015faat projesinin tasar\u0131m ve yap\u0131m\u0131nda da yer ald\u0131 ancak bunlarla da s\u0131n\u0131rl\u0131 de\u011fil;\u00a0\u00c7elik Yap\u0131 \u0130\u015fleri, Ta\u015f \u0130\u015fleri, Al\u00fcminyum \u0130\u015fleri, Kompozit Metal Kaplama \u0130\u015fleri, Paslanmaz \u00c7elik ve Al\u00fcminyum Yan\u0131p S\u00f6nen \u0130\u015fler, Paslanmaz \u00c7elik K\u00fcpe\u015fte, Sulama \u0130\u015fleri ve \u00c7at\u0131 Kaplama.\u00a0PRODAR, m\u00fc\u015fteri taleplerine zaman\u0131nda ula\u015fmak i\u00e7in m\u00fc\u015fterinin kendine \u00f6zg\u00fc ihtiya\u00e7lar\u0131n\u0131 \u00fcretmek ve \u00fcretmek i\u00e7in kendi \u00fcretim tesisine sahiptir.<\/span><\/p>\n<div class=\"page\" title=\"Sayfa 1\">\n<div class=\"section\">\n<div class=\"layoutArea\">\n<div class=\"column\">\n<p><span>PRODAR, teknolojiyi kullanarak yenilik\u00e7i kurulum verimlili\u011fi ve ba\u015far\u0131l\u0131 bir \u015fekilde yetenek kazanmas\u0131n\u0131 sa\u011flayan tecr\u00fcbesiyle hizmetlerini geni\u015fletmeyi taahh\u00fct eder.\u00a0PRODAR, d\u00fcnya \u00e7ap\u0131nda tecr\u00fcbesiyle \u201ckutunun d\u0131\u015f\u0131nda d\u00fc\u015f\u00fcnmek\u201d ve uygun maliyetli \u00e7\u00f6z\u00fcmler sunabilmek, zor ko\u015fullar alt\u0131nda \u00e7al\u0131\u015fabilmek ve m\u00fc\u015fterinin zorlu taleplerini kar\u015f\u0131lamak i\u00e7in h\u0131zland\u0131r\u0131lm\u0131\u015f bir h\u0131zda teslim edebilmektedir.<\/span><\/p>\n<\/div>\n<\/div>\n<\/div>\n<\/div>\n<\/div>\n<\/div>\n<\/div>\n<\/div>\n<p><\/p>","protected":false},"excerpt":{"rendered":"<p>PRODAR M\u00dcHEND\u0130SL\u0130K VE \u0130N\u015eAAT, LLC.\u00a0prensip olarak t\u00fcm d\u00fcnyada anahtar teslim bir alt y\u00fcklenici olarak Uluslararas\u0131 \u00f6zel projelerin in\u015fas\u0131 ile ilgilenmektedir.\u00a0PRODAR, tasar\u0131m konseptinden uygulamaya kadar \u00e7e\u015fitli sanat yap\u0131 in\u015faat projelerinde deneyim sahibi m\u00fchendis grubuna sahiptir.\u00a0PRODAR ayr\u0131ca, y\u00fckseltilmesi veya daha y\u00fcksek bir&#8230;<\/p>\n","protected":false},"author":2,"featured_media":0,"parent":0,"menu_order":2,"comment_status":"closed","ping_status":"closed","template":"","meta":[],"_links":{"self":[{"href":"https:\/\/prodar.com.tr\/tr\/wp-json\/wp\/v2\/pages\/15"}],"collection":[{"href":"https:\/\/prodar.com.tr\/tr\/wp-json\/wp\/v2\/pages"}],"about":[{"href":"https:\/\/prodar.com.tr\/tr\/wp-json\/wp\/v2\/types\/page"}],"author":[{"embeddable":true,"href":"https:\/\/prodar.com.tr\/tr\/wp-json\/wp\/v2\/users\/2"}],"replies":[{"embeddable":true,"href":"https:\/\/prodar.com.tr\/tr\/wp-json\/wp\/v2\/comments?post=15"}],"version-history":[{"count":12,"href":"https:\/\/prodar.com.tr\/tr\/wp-json\/wp\/v2\/pages\/15\/revisions"}],"predecessor-version":[{"id":667,"href":"https:\/\/prodar.com.tr\/tr\/wp-json\/wp\/v2\/pages\/15\/revisions\/667"}],"wp:attachment":[{"href":"https:\/\/prodar.com.tr\/tr\/wp-json\/wp\/v2\/media?parent=15"}],"curies":[{"name":"wp","href":"https:\/\/api.w.org\/{rel}","templated":true}]}}