{"id":494,"date":"2016-03-17T21:16:11","date_gmt":"2016-03-17T19:16:11","guid":{"rendered":"http:\/\/prodar.com.tr\/?page_id=494"},"modified":"2019-06-19T23:57:24","modified_gmt":"2019-06-19T21:57:24","slug":"what-we-offer","status":"publish","type":"page","link":"https:\/\/prodar.com.tr\/tr\/sunduklarimiz\/","title":{"rendered":"Sunduklar\u0131m\u0131z"},"content":{"rendered":"<p>[vc_row][vc_column][vc_column_text]T\u00fcm d\u00fcnyada en y\u00fcksek standartlara sahip Uluslararas\u0131 \u0130n\u015faat Alt M\u00fcteahhitlik Hizmetleri sunuyoruz.\u00a0Tasar\u0131m konseptinden hayata ge\u00e7irme a\u015famas\u0131na kadar bir\u00e7ok sanat yap\u0131 in\u015faat projesinde deneyim sahibiyiz.\u00a0\u015eirketler aras\u0131nda, y\u00fckseltilmesi veya daha y\u00fcksek bir standarda g\u00f6t\u00fcr\u00fclmesi gereken mevcut sorunlar\u0131 \u00e7\u00f6zmek i\u00e7in \u00e7\u00f6z\u00fcm sa\u011flay\u0131c\u0131s\u0131 olarak g\u00fcven kazand\u0131k.\u00a0T\u00fcrkler, Balkanlar, Filipinliler, Hintliler, Amerikal\u0131lar ve Afrikal\u0131lar\u0131n kar\u0131\u015f\u0131m\u0131ndan olu\u015fan, \u00f6zenle se\u00e7ilmi\u015f ve deneyimli ekiplerle her ortamda \u00e7al\u0131\u015fabilme becerisi;\u00a0her biri b\u00f6lgenin ve projenin \u00f6zel ihtiyac\u0131n\u0131 kar\u015f\u0131lamak \u00fczere haz\u0131rland\u0131.\u00a0PRODAR, ASTM, BS, Frans\u0131z ve EN Standartlar\u0131 ile d\u00fcnya \u00e7ap\u0131nda tasar\u0131m, ma\u011faza \u00e7izimleri, malzeme temini, en y\u00fcksek bina teknolojisi ile ilgili seviye ve bilgi birikimine sahiptir.[\/vc_column_text][\/vc_column][\/vc_row]<\/p>","protected":false},"excerpt":{"rendered":"<p>[vc_row][vc_column][vc_column_text]T\u00fcm d\u00fcnyada en y\u00fcksek standartlara sahip Uluslararas\u0131 \u0130n\u015faat Alt M\u00fcteahhitlik Hizmetleri sunuyoruz.\u00a0Tasar\u0131m konseptinden hayata ge\u00e7irme a\u015famas\u0131na kadar bir\u00e7ok sanat yap\u0131 in\u015faat projesinde deneyim sahibiyiz.\u00a0\u015eirketler aras\u0131nda, y\u00fckseltilmesi veya daha y\u00fcksek bir standarda g\u00f6t\u00fcr\u00fclmesi gereken mevcut sorunlar\u0131 \u00e7\u00f6zmek i\u00e7in \u00e7\u00f6z\u00fcm sa\u011flay\u0131c\u0131s\u0131 olarak&#8230;<\/p>\n","protected":false},"author":2,"featured_media":0,"parent":0,"menu_order":0,"comment_status":"closed","ping_status":"closed","template":"","meta":[],"_links":{"self":[{"href":"https:\/\/prodar.com.tr\/tr\/wp-json\/wp\/v2\/pages\/494"}],"collection":[{"href":"https:\/\/prodar.com.tr\/tr\/wp-json\/wp\/v2\/pages"}],"about":[{"href":"https:\/\/prodar.com.tr\/tr\/wp-json\/wp\/v2\/types\/page"}],"author":[{"embeddable":true,"href":"https:\/\/prodar.com.tr\/tr\/wp-json\/wp\/v2\/users\/2"}],"replies":[{"embeddable":true,"href":"https:\/\/prodar.com.tr\/tr\/wp-json\/wp\/v2\/comments?post=494"}],"version-history":[{"count":15,"href":"https:\/\/prodar.com.tr\/tr\/wp-json\/wp\/v2\/pages\/494\/revisions"}],"predecessor-version":[{"id":668,"href":"https:\/\/prodar.com.tr\/tr\/wp-json\/wp\/v2\/pages\/494\/revisions\/668"}],"wp:attachment":[{"href":"https:\/\/prodar.com.tr\/tr\/wp-json\/wp\/v2\/media?parent=494"}],"curies":[{"name":"wp","href":"https:\/\/api.w.org\/{rel}","templated":true}]}}