{"id":60,"date":"2016-02-26T09:10:30","date_gmt":"2016-02-26T09:10:30","guid":{"rendered":"http:\/\/cansurmeli.com\/other\/prodar\/?page_id=60"},"modified":"2016-03-18T10:16:43","modified_gmt":"2016-03-18T08:16:43","slug":"not-found","status":"publish","type":"page","link":"https:\/\/prodar.com.tr\/tr\/bulunamadi\/","title":{"rendered":"Bulunamad\u0131"},"content":{"rendered":"<p>[vc_row][vc_column]<div class=\"error-404\">\n                    <h1>BULUNAMADI<\/h1>\n                    <h2>Maalesef arad\u0131\u011f\u0131n\u0131z sayfa yer almamakta!<\/h2>\n                    <a href=\"javascript:javascript:history.go(-1)\" class=\"btn btn-wide\">geriye d\u00f6n<\/a>\n                <\/div>[\/vc_column][\/vc_row][vc_row][vc_column][vc_wp_search title=&#8221;\u0130sterseniz arama yaparak istedi\u011finize ula\u015fabilirsiniz&#8230;&#8221;][\/vc_column][\/vc_row]<\/p>","protected":false},"excerpt":{"rendered":"<p>[vc_row][vc_column][\/vc_column][\/vc_row][vc_row][vc_column][vc_wp_search title=&#8221;\u0130sterseniz arama yaparak istedi\u011finize ula\u015fabilirsiniz&#8230;&#8221;][\/vc_column][\/vc_row]<\/p>\n","protected":false},"author":2,"featured_media":0,"parent":0,"menu_order":-2,"comment_status":"closed","ping_status":"closed","template":"","meta":[],"_links":{"self":[{"href":"https:\/\/prodar.com.tr\/tr\/wp-json\/wp\/v2\/pages\/60"}],"collection":[{"href":"https:\/\/prodar.com.tr\/tr\/wp-json\/wp\/v2\/pages"}],"about":[{"href":"https:\/\/prodar.com.tr\/tr\/wp-json\/wp\/v2\/types\/page"}],"author":[{"embeddable":true,"href":"https:\/\/prodar.com.tr\/tr\/wp-json\/wp\/v2\/users\/2"}],"replies":[{"embeddable":true,"href":"https:\/\/prodar.com.tr\/tr\/wp-json\/wp\/v2\/comments?post=60"}],"version-history":[{"count":11,"href":"https:\/\/prodar.com.tr\/tr\/wp-json\/wp\/v2\/pages\/60\/revisions"}],"predecessor-version":[{"id":512,"href":"https:\/\/prodar.com.tr\/tr\/wp-json\/wp\/v2\/pages\/60\/revisions\/512"}],"wp:attachment":[{"href":"https:\/\/prodar.com.tr\/tr\/wp-json\/wp\/v2\/media?parent=60"}],"curies":[{"name":"wp","href":"https:\/\/api.w.org\/{rel}","templated":true}]}}