{"id":68,"date":"2016-02-26T15:17:16","date_gmt":"2016-02-26T15:17:16","guid":{"rendered":"http:\/\/cansurmeli.com\/other\/prodar\/?page_id=68"},"modified":"2016-03-18T09:51:00","modified_gmt":"2016-03-18T07:51:00","slug":"references","status":"publish","type":"page","link":"https:\/\/prodar.com.tr\/tr\/referanslar\/","title":{"rendered":"Referanslar"},"content":{"rendered":"<p>[vc_row][vc_column][vc_column_text]<\/p>\n<p>[\/vc_column_text][\/vc_column][\/vc_row][vc_row][vc_column]<div class='table-responsive'><table class='table'><thead ><tr><th>\u0130\u015e SAH\u0130B\u0130<\/th><th>KONUM<\/th><th>\u0130\u015eVEREN<\/th><th>S\u00dcRE<\/th><th>A\u00c7IKLAMALAR<\/th><\/tr><\/thead><tbody><tr><td>ABD B\u00fcy\u00fckel\u00e7iligi \/ ENDONEZYA<\/td><td>Surabaya<\/td><td>Navigator International, LLC<\/td><td>2009 &#8211; 1.5 yil<\/td><td>\u00c7elik Konstr\u00fcksiyon, Paslanmaz \u00e7elik ve korkuluk i\u015fleri, Al\u00fcminyum ve ah\u015fap g\u00fcne\u015f k\u0131r\u0131c\u0131, Al\u00fcminyum kompozit panel ve Ta\u015f Kaplama, Mimari \u00fcr\u00fcnler, Fe\/Br pencereler, kap\u0131lar, <\/td><\/tr><tr><td>ABD B\u00fcy\u00fckel\u00e7iligi \/ IRAK<\/td><td>Bagdat<\/td><td>Navigator International, LLC<\/td><td>2008 &#8211; 6 ay<\/td><td>\u00c7elik Konstr\u00fcksiyon, Paslanmaz \u00e7elik ve korkuluk i\u015fleri, Paslanmaz mesh ve Al\u00fcminyum g\u00fcne\u015f k\u0131r\u0131c\u0131<\/td><\/tr><tr><td>ABD B\u00fcy\u00fckel\u00e7iligi \/ LETONYA<\/td><td>Riga<\/td><td>Navigator International, LLC<\/td><td>2009 &#8211; 8 ay<\/td><td>\u00c7elik Konstr\u00fcksiyon, Paslanmaz \u00e7elik ve korkuluk i\u015fleri, ve Al\u00fcminyum g\u00fcne\u015f k\u0131r\u0131c\u0131<\/td><\/tr><tr><td>ABD B\u00fcy\u00fckel\u00e7iligi \/ MAKEDONYA<\/td><td>\u00dcsk\u00fcp<\/td><td>Navigator International, LLC<\/td><td>2008 &#8211; 2 y\u0131l<\/td><td>\u00c7elik Konstr\u00fcksiyon, Paslanmaz \u00e7elik ve korkuluk i\u015fleri, Al\u00fcminyum g\u00fcne\u015f k\u0131r\u0131c\u0131, Al\u00fcminyum kompozit panel ve Ta\u015f Kaplama, Mimari \u00fcr\u00fcnler, Fe\/Br pencereler, kap\u0131lar, sulama, dikenli \u00e7it, <\/td><\/tr><tr><td>ABD B\u00fcy\u00fckel\u00e7iligi \/ MALTA<\/td><td>Valetta<\/td><td>Navigator International, LLC<\/td><td>2009 &#8211; 8 ay<\/td><td>\u00c7elik Konstr\u00fcksiyon, Paslanmaz \u00e7elik ve korkuluk i\u015fleri, kenet \u00e7at\u0131 i\u015fleri.<\/td><\/tr><tr><td>ABD B\u00fcy\u00fckel\u00e7iligi \/ SIRBISTAN<\/td><td>Belgrad<\/td><td>Kolin Construction<\/td><td>2011 &#8211; 1.5 y\u0131l<\/td><td>\u00c7elik Konstr\u00fcksiyon, Paslanmaz \u00e7elik ve korkuluk i\u015fleri, Al\u00fcminyum kompozit panel ve Ta\u015f Kaplama, Fe\/Br pencereler, kap\u0131lar, Tavanlar ve duvar paneli i\u015fleri<\/td><\/tr><tr><td>ABD B\u00fcy\u00fckel\u00e7ili\u011fi K\u0131rg\u0131zistan<\/td><td>Bi\u015fkek<\/td><td>Navigator International, LLC<\/td><td>2010 &#8211; 5.5 ay<\/td><td>\u00c7elik Konstr\u00fcksiyon, Paslanmaz \u00e7elik ve korkuluk i\u015fleri, Al\u00fcminyum g\u00fcne\u015f k\u0131r\u0131c\u0131, Al\u00fcminyum kompozit panel ve Ta\u015f Kaplama, Mimari \u00fcr\u00fcnler, Fe\/Br pencereler, kap\u0131lar, Anti ram \u00e7it, <\/td><\/tr><tr><td>ABD Erbil Diplomatik Merkezi&#8217;nde, Irak konaklama Tesisi<\/td><td>Erbil \/ IRAK<\/td><td>Navigator International, LLC<\/td><td>2012 &#8211; 1 y\u0131l<\/td><td>Dohuk barak bina otel komple \u00e7elik yap\u0131 ve mimari \u00fcr\u00fcnler<\/td><\/tr><tr><td>ABD Erbil Diplomatik Merkezi&#8217;nde, Irak So\u011futma Tesisi<\/td><td>Erbil \/ IRAK<\/td><td>Intec Cons.<\/td><td>2012 &#8211; 6 ay<\/td><td>\u00c7elik Konstr\u00fcksiyon bina \u0130n\u015faat montaj\u0131 ve cephe ve \u00e7at\u0131 panelleri, t\u00fcm ince i\u015fler, <\/td><\/tr><tr><td>ABD Erbil Diplomatik Merkezi&#8217;nde, Irak So\u011futma Tesisi<\/td><td>Dohuk, IRAK<\/td><td>Navigator International, LLC<\/td><td>2011 &#8211; 8 ay<\/td><td>\u00c7elik Konstr\u00fcksiyon bina \u0130n\u015faat montaj\u0131 ve cephe ve \u00e7at\u0131 panelleri, t\u00fcm ince i\u015fler,<\/td><\/tr><tr><td>ABD Erbil Diplomatik Merkezi&#8217;nde, Irak So\u011futma Tesisi<\/td><td>Dohuk, IRAK<\/td><td>Intec Cons.<\/td><td>2012 &#8211; 4 ay<\/td><td>\u00c7elik Yap\u0131 Anten tesisi<\/td><\/tr><tr><td>ABD Erbil Diplomatik Merkezi&#8217;nde, Irak So\u011futma Tesisi<\/td><td>Erbil \/ IRAK<\/td><td>Navigator International, LLC<\/td><td>2012 &#8211; 1 y\u0131l<\/td><td>Tam Bina tesisat\u0131 MWR, Depo ve Motor Pool<\/td><\/tr><tr><td>ABD Konsoloslugu \/ HINDISTAN<\/td><td>Mumbai<\/td><td>Desbuild Construction, LLC<\/td><td>2009 &#8211; 1 y\u0131l<\/td><td>\u00c7elik Konstr\u00fcksiyon, Paslanmaz \u00e7elik ve korkuluk i\u015fleri, Al\u00fcminyum kompozit panel ve Ta\u015f Kaplama, Fe\/Br pencereler, kap\u0131lar, <\/td><\/tr><tr><td>Anadolu Holding<\/td><td>\u00dcmraniye \/ T\u00dcRK\u0130YE<\/td><td>Kreatif mimarl\u0131k<\/td><td>2013 &#8211; 4 ay<\/td><td>Ses yal\u0131t\u0131m\u0131 ve Aluminyum kompozit panel i\u015fleri.<\/td><\/tr><tr><td>A\u015fkabat Olimpiyat kompleksi<\/td><td>A\u015fkabat \/ T\u00dcRKMEN\u0130STAN<\/td><td>Polimeks \u0130n\u015faat<\/td><td>2013 &#8211; 2015<\/td><td>Dekoratif Baca kaplama ve ses yal\u0131t\u0131ml\u0131 menfez i\u015fleri<\/td><\/tr><tr><td>Bakirk\u00f6y AVM \/ T\u00dcRKIYE<\/td><td>Istanbul<\/td><td>Derya Construction<\/td><td>2011 &#8211; 10 ay<\/td><td>AVM \u00c7elik Yap\u0131 i\u015fleri<\/td><\/tr><tr><td>Kanada B\u00fcy\u00fckel\u00e7iligi \/ AFGANISTAN<\/td><td>Kabil<\/td><td>M&amp;W Group<\/td><td>2012 &#8211; 1 y\u0131l<\/td><td>\u00c7elik Yap\u0131 \u0130n\u015faat ve \u00c7it \u00e7al\u0131\u015fmalar\u0131<\/td><\/tr><tr><td>Libya Arap Petrol A.S.<\/td><td>LIBYA<\/td><td>Erkoc Construction<\/td><td>2008 &#8211; 1.5 y\u0131l<\/td><td>Ana kamp in\u015faat\u0131<\/td><\/tr><tr><td>Libya GMMR<\/td><td>LIBYA<\/td><td>Erkoc Construction<\/td><td>2009 &#8211; 5 ay<\/td><td>\u00c7elik Konstr\u00fcksiyon bina \u0130n\u015faat\u0131<\/td><\/tr><tr><td>Majnoon Petrol Sahasi \/ IRAK<\/td><td>Basra<\/td><td>ARKEL International, LLC<\/td><td>2011 &#8211; 4 ay<\/td><td>Patlamaya dayan\u0131kl\u0131 \u00c7elik Konstr\u00fcksiyon bina ,T Wall<\/td><\/tr><tr><td>Majnoon Petrol Sahas\u0131<\/td><td>Basra, IRAK<\/td><td>ARKEL International, LLC<\/td><td>2013 &#8211; 14 ay<\/td><td>\u00c7elik Konstr\u00fcksiyon bina \u0130n\u015faat montaj\u0131 ve cephe ve \u00e7at\u0131 panelleri, t\u00fcm ince i\u015fler, \u015eantiye kamp\u0131 kurma i\u015fleri Asma Vin\u00e7 tasar\u0131m, imalat ve montaj<\/td><\/tr><tr><td>Majnoon Petrol Sahas\u0131 \/ IRAK<\/td><td>Basra<\/td><td>ARKEL International, LLC<\/td><td>2012 &#8211; Current<\/td><td>\u00c7elik Konstr\u00fcksiyon bina \u0130n\u015faat montaj\u0131 ve cephe ve \u00e7at\u0131 panelleri, t\u00fcm ince i\u015fler, \u015eantiye kamp\u0131 kurma i\u015fleri<\/td><\/tr><tr><td>MED Amerikan Hastanesi<\/td><td>Feneryolu \/ T\u00dcRK\u0130YE<\/td><td>Kreatif mimarl\u0131k<\/td><td>2014 &#8211; 8 ay<\/td><td>Aluminyum giydirme cephe, kompozit panel, ta\u015f kaplama i\u015fleri<\/td><\/tr><tr><td>Reefer Facility at US Erbil Diplomatic Center, Iraq<\/td><td>Erbil \/ IRAK<\/td><td>Intec Cons.<\/td><td>2012 &#8211; 4 ay<\/td><td>\u00c7elik Yap\u0131 Anten tesisi<\/td><\/tr><tr><td>Setur \u00c7e\u015fme Marina<\/td><td>\u00c7e\u015fme \/ \u0130ZM\u0130R<\/td><td>Setur A.\u015e.<\/td><td>2015 &#8211; 2 ay<\/td><td>\u00c7elik konstr\u00fcksiyon, Al\u00fcminyum giydirme cephe, Al\u00fcminyum kompozit panel kaplama i\u015fleri<\/td><\/tr><\/tbody><\/table><\/div>[\/vc_column][\/vc_row]<\/p>","protected":false},"excerpt":{"rendered":"<p>[vc_row][vc_column][vc_column_text] [\/vc_column_text][\/vc_column][\/vc_row][vc_row][vc_column][\/vc_column][\/vc_row]<\/p>\n","protected":false},"author":2,"featured_media":0,"parent":0,"menu_order":4,"comment_status":"closed","ping_status":"closed","template":"","meta":[],"_links":{"self":[{"href":"https:\/\/prodar.com.tr\/tr\/wp-json\/wp\/v2\/pages\/68"}],"collection":[{"href":"https:\/\/prodar.com.tr\/tr\/wp-json\/wp\/v2\/pages"}],"about":[{"href":"https:\/\/prodar.com.tr\/tr\/wp-json\/wp\/v2\/types\/page"}],"author":[{"embeddable":true,"href":"https:\/\/prodar.com.tr\/tr\/wp-json\/wp\/v2\/users\/2"}],"replies":[{"embeddable":true,"href":"https:\/\/prodar.com.tr\/tr\/wp-json\/wp\/v2\/comments?post=68"}],"version-history":[{"count":6,"href":"https:\/\/prodar.com.tr\/tr\/wp-json\/wp\/v2\/pages\/68\/revisions"}],"predecessor-version":[{"id":501,"href":"https:\/\/prodar.com.tr\/tr\/wp-json\/wp\/v2\/pages\/68\/revisions\/501"}],"wp:attachment":[{"href":"https:\/\/prodar.com.tr\/tr\/wp-json\/wp\/v2\/media?parent=68"}],"curies":[{"name":"wp","href":"https:\/\/api.w.org\/{rel}","templated":true}]}}