{"id":741,"date":"2022-03-16T22:56:42","date_gmt":"2022-03-16T20:56:42","guid":{"rendered":"https:\/\/prodar.com.tr\/tr\/?page_id=741"},"modified":"2024-08-08T02:43:28","modified_gmt":"2024-08-08T00:43:28","slug":"turkish-aydinlatma-metni","status":"publish","type":"page","link":"https:\/\/prodar.com.tr\/tr\/kisisel-verilerin-korunmasi\/aydinlatma-metni\/","title":{"rendered":"Ayd\u0131nlatma Metni"},"content":{"rendered":"<p>[vc_row][vc_column][vc_column_text]<b>K\u0130\u015e\u0130SEL VER\u0130LER\u0130N \u0130\u015eLENMES\u0130 AYDINLATMA METN\u0130<\/b><\/p>\n<p>\u201c<b>Prodar M\u00fch. \u0130n\u015f. San. Tic. Ltd. \u015eti.<\/b>\u201d olarak 6698 say\u0131l\u0131 Ki\u015fisel Verilerin Korunmas\u0131 Kanunu\u2019nun (\u201cKVKK\u201d) 10. maddesi uyar\u0131nca sizi ki\u015fisel veri i\u015fleme, i\u015flenen ki\u015fisel verilerinizin aktar\u0131lmas\u0131, ki\u015fisel verilerinizin toplanma y\u00f6ntemleri ve hukuki sebebi ile KVKK md. 11\u2019de say\u0131lan di\u011fer haklar\u0131n\u0131zla ilgili olarak bilgilendirmek ve ayd\u0131nlatmak isteriz.<\/p>\n<p>Ki\u015fisel verilerinizi a\u015fa\u011f\u0131da a\u00e7\u0131klanan ama\u00e7lar kapsam\u0131nda; hukuka ve d\u00fcr\u00fcstl\u00fck kurallar\u0131na uygun bir \u015fekilde i\u015fleyebilecek, kaydedebilecek, saklayabilecek, s\u0131n\u0131fland\u0131rabilecek, g\u00fcncelleyebilecek ve mevzuat\u0131n izin verdi\u011fi hallerde ve\/veya i\u015flendikleri ama\u00e7la s\u0131n\u0131rl\u0131 olarak 3. ki\u015filere a\u00e7\u0131klayabilecek\/aktarabilece\u011fiz.<\/p>\n<p><b>VER\u0130 SORUMLUSU ve TEMS\u0130LC\u0130S\u0130 <\/b><\/p>\n<p>Kanun uyar\u0131nca \u201cOrta, Orta Mah. So\u011fanl\u0131k D-100 Kuzey Yanyol Cad, A1 Blok No: 26\/1\/97 Kartal\/\u0130stanbul\u201d adresinde faaliyet g\u00f6steren <b>Prodar M\u00fch.\u0130n\u015f.San.Tic.Ltd.\u015eti. <\/b>(Bundan b\u00f6yle k\u0131saca \u201c<b>Prodar<\/b>\u201d olarak an\u0131lacakt\u0131r) Veri Sorumlusudur.<\/p>\n<p><b>\u0130\u015eLENEN K\u0130\u015e\u0130SEL VER\u0130LER\u0130N\u0130Z<\/b><\/p>\n<p>\u015eirketimizin \u00fcr\u00fcnlerinden ve hizmetlerinden faydalanman\u0131z kapsam\u0131nda a\u015fa\u011f\u0131da yer verilen ki\u015fisel verileriniz i\u015flenmektedir:<\/p>\n<ul>\n<li aria-level=\"1\">Kimlik Bilgileriniz (Ad\u0131n\u0131z, soyad\u0131n\u0131z, T.C. kimlik numaran\u0131z gibi sizi tan\u0131mlayabilece\u011fimiz kimlik verileriniz),<\/li>\n<li aria-level=\"1\">\u0130leti\u015fim Bilgileriniz (Adresiniz, cep telefonunuz, elektronik posta adresiniz ve sair ileti\u015fim verileriniz),<\/li>\n<li aria-level=\"1\">Finansal Verileriniz (Banka hesap numaran\u0131z, IBAN numaran\u0131z, kredi kart\u0131 bilginiz, \u00f6deme bilgileriniz, faturalama bilgileriniz gibi finansal verileriniz gibi)<\/li>\n<li aria-level=\"1\">M\u00fc\u015fteri \u0130\u015flem (Sipari\u015f ve talep bilgisi,\u00a0 gi\u015fe dekontlar\u0131ndaki bilgiler gibi)<\/li>\n<li aria-level=\"1\">\u0130\u015flem G\u00fcvenli\u011fi (Web sitesi gezinme bilgileri, IP adresi, internet sitesi giri\u015f\/\u00e7\u0131k\u0131\u015f bilgileri, \u015fifre ve parola bilgileri gibi)<\/li>\n<li aria-level=\"1\">Talep, \u00f6neri ve \u015fik\u00e2yetleriniz \u00e7er\u00e7evesinde bizzat iletti\u011finiz di\u011fer ki\u015fisel verileriniz.<\/li>\n<\/ul>\n<p><b>K\u0130\u015e\u0130SEL VER\u0130LER\u0130N \u0130\u015eLENME AMACI<\/b><\/p>\n<p>Ki\u015fisel verileriniz, Prodar olarak sundu\u011fumuz hizmetlerden yararlanabilmeniz amac\u0131yla KVKK ve ilgili mevzuatta d\u00fczenlenen temel prensiplere uygun olarak, a\u00e7\u0131k r\u0131zan\u0131za ve\/veya tabi oldu\u011fumuz yasal mevzuat ba\u015fta olmak \u00fczere KVKK md. 5\/2\u2019de \u00f6ng\u00f6r\u00fclen di\u011fer hallere ba\u011fl\u0131 olarak i\u015flenmektedir. Prodar\u2019\u0131n ki\u015fisel veri i\u015fleme ama\u00e7lar\u0131 ;<\/p>\n<ul>\n<li aria-level=\"1\">\u015eirketimiz taraf\u0131ndan y\u00fcr\u00fct\u00fclen ticari faaliyet gereklerinin yerine getirilmesi, ve hizmetin ifas\u0131 ile \u015firketimiz taraf\u0131ndan sunulan \u00fcr\u00fcn ve hizmetlerden ilgili ki\u015fileri faydalanmas\u0131n\u0131 sa\u011flamak,<\/li>\n<li aria-level=\"1\">S\u00f6zle\u015fme kapsam\u0131nda m\u00fc\u015fteri firmaya mal ve\/veya hizmet sunumu ve\/veya teslimine ili\u015fkin operasyonlar\u0131n y\u00fcr\u00fct\u00fclmesi,<\/li>\n<li aria-level=\"1\">Tedarik\u00e7i, i\u015f ortaklar\u0131, d\u0131\u015f hizmet sa\u011flay\u0131c\u0131lar\u0131 ve m\u00fc\u015fteriler ile ileti\u015fime ge\u00e7ilmesi, hizmete ili\u015fkin operasyonun koordine ve kontrol edilmesi, bu operasyonlar hakk\u0131nda bilgi al\u0131nmas\u0131, operasyon ile ba\u011flant\u0131l\u0131 3. ki\u015filere gerekli bilgilendirilmelerin yap\u0131lmas\u0131,<\/li>\n<li aria-level=\"1\">Talep\u00a0 ve\u00a0 \u015fikayetlerin\u00a0 de\u011ferlendirilmesi,<\/li>\n<li aria-level=\"1\">Kamu Kurum ve b\u00fct\u00fcn otoritelerce \u00f6ng\u00f6r\u00fclen bilgi payla\u015f\u0131m\u0131, raporlama, bilgilendirme y\u00fck\u00fcml\u00fcl\u00fcklerinin yerine getirilmesi,<\/li>\n<li aria-level=\"1\">Yasal mevzuattan kaynaklanan bilgi ve belge saklama y\u00fck\u00fcml\u00fcl\u00fcklerinin yerine getirilmesi,<\/li>\n<li aria-level=\"1\">Finans, muhasebe, ileti\u015fim, pazar ara\u015ft\u0131rmas\u0131 ve sat\u0131n alma operasyonlar\u0131m\u0131z\u0131n y\u00fcr\u00fct\u00fclmesi,<\/li>\n<li aria-level=\"1\">Hukuki s\u00fcre\u00e7lerimizin y\u00f6netilmesi, taraf\u0131n\u0131za kesintisiz olarak daha iyi ve g\u00fcvenilir hizmet verilebilmesi ama\u00e7lar\u0131yla 6698 say\u0131l\u0131 Kanun\u2019un 5. ve 6. maddelerinde belirtilen ki\u015fisel veri i\u015fleme \u015fartlar\u0131 ve ama\u00e7lar\u0131 dahilinde i\u015flenecektir.<\/li>\n<\/ul>\n<p><b>K\u0130\u015e\u0130SEL VER\u0130LER\u0130N TOPLANMA Y\u00d6NTEM\u0130 VE HUKUK\u0130 SEBEP<\/b><\/p>\n<p>Ki\u015fisel verileriniz, \u015eirketimiz taraf\u0131ndan farkl\u0131 kanallardan (Prodar\u2019\u0131n y\u00f6netim merkezi, fabrika, alt\u00a0 y\u00fcklenicileri\u00a0 veya\u00a0 i\u015f\u00a0 ortaklar\u0131\u00a0 ile\u00a0 ileti\u015fime ge\u00e7ebilece\u011finiz\u00a0 ofis\u00a0 ve\u00a0 di\u011fer\u00a0 fiziki\u00a0 ortamlar,\u00a0 \u00e7a\u011fr\u0131\u00a0 merkezi, web, internet\u00a0 siteleri ve benzeri elektronik i\u015flem platformlar\u0131, sosyal medya veya di\u011fer kamuya a\u00e7\u0131k mecralar arac\u0131l\u0131\u011f\u0131yla veya di\u011fer grup \u015firketleri veya anla\u015fmal\u0131 olduklar\u0131 di\u011fer ki\u015fi ve kurulu\u015flar kanal\u0131yla yaz\u0131l\u0131, s\u00f6zl\u00fc, ses veya g\u00f6r\u00fcnt\u00fc kayd\u0131 veya di\u011fer fiziksel veya elektronik ortamda vs.) elde edilebilir.<\/p>\n<p>Yukar\u0131daki y\u00f6ntemler do\u011frultusunda toplad\u0131\u011f\u0131m\u0131z ki\u015fisel verilerinizi a\u015fa\u011f\u0131da belirtilen hukuki sebeplerden bir veya birka\u00e7\u0131na dayanarak i\u015flemekteyiz:<\/p>\n<ul>\n<li aria-level=\"1\">T\u00fcrkiye Cumhuriyeti\u2019nde y\u00fcr\u00fcrl\u00fckte olan kanun ve y\u00f6netmelik h\u00fck\u00fcmlerinin i\u015flemeyi gerekli k\u0131lmas\u0131 (Bor\u00e7lar Kanunu, Ticaret Kanunu, T\u00fcketici Kanunu, 5651 say\u0131l\u0131 \u0130nternet Ortam\u0131nda Yap\u0131lan Yay\u0131nlar\u0131n D\u00fczenlenmesi ve Bu Yay\u0131nlar Yoluyla \u0130\u015flenen Su\u00e7larla M\u00fccadele Edilmesi Hakk\u0131nda Kanun ba\u015fta olmak \u00fczere ilgili mevzuat\u0131n veri i\u015flemeyi gerekli ve zorunlu k\u0131lmas\u0131 halinde verileriniz i\u015flenebilmektedir.)<\/li>\n<li aria-level=\"1\">Bir s\u00f6zle\u015fmenin kurulmas\u0131 veya ifas\u0131yla do\u011frudan do\u011fruya ilgili olmas\u0131 kayd\u0131yla, s\u00f6zle\u015fmenin taraflar\u0131na ait ki\u015fisel verilerin i\u015flenmesi gerekli oldu\u011fu i\u00e7in ,<\/li>\n<li aria-level=\"1\">Bir hukuki y\u00fck\u00fcml\u00fcl\u00fc\u011f\u00fcn yerine getirilmesi i\u00e7in zorunlu oldu\u011fu i\u00e7in (\u0130kincil mevzuat, d\u00fczenleyici ve denetleyici faaliyetler kapsam\u0131nda mevzuata uygun taleplerin yerine getirilmesi, alternatif uyu\u015fmazl\u0131k \u00e7\u00f6z\u00fcm y\u00f6ntemleri ve dava s\u00fcre\u00e7lerinin y\u00fcr\u00fct\u00fclmesi ve sonu\u00e7land\u0131r\u0131lmas\u0131, mahkemelerden talep edilmesi gibi veri i\u015fleme ama\u00e7lar\u0131 i\u00e7in hukuki sebep olu\u015fturmaktad\u0131r.)<\/li>\n<li aria-level=\"1\">Taraf\u0131n\u0131zca ki\u015fisel verilerinizin alenile\u015ftirilmesi,<\/li>\n<li aria-level=\"1\">Temel hak ve \u00f6zg\u00fcrl\u00fcklerinize zarar vermemek kayd\u0131yla ki\u015fisel verilerinizin i\u015flenmesinin me\u015fru menfaatimiz i\u00e7in gerekli olmas\u0131.<\/li>\n<\/ul>\n<p>Detayl\u0131 bilgi i\u00e7in \u201cKi\u015fisel Verilerin \u0130\u015flenmesi ve Korunmas\u0131 Politikas\u0131\u201dna bak\u0131n\u0131z.<\/p>\n<p><b>\u0130\u015eLENEN K\u0130\u015e\u0130SEL VER\u0130LER\u0130N AKTARILDI\u011eI TARAFLAR VE AKTARIM AMACI<\/b><\/p>\n<p>Ki\u015fisel verileriniz, \u015firketimiz taraf\u0131ndan hukuka ve d\u00fcr\u00fcstl\u00fck kurallar\u0131na uygun olarak, do\u011fru ve gerekti\u011finde g\u00fcncel, belirli, net ve me\u015fru ama\u00e7lar i\u00e7in, i\u015flendikleri ama\u00e7la ba\u011flant\u0131l\u0131, s\u0131n\u0131rl\u0131 ve \u00f6l\u00e7\u00fcl\u00fc, ilgili mevzuatta \u00f6ng\u00f6r\u00fclen veya i\u015flendikleri ama\u00e7 i\u00e7in gerekli olan s\u00fcre kadar muhafaza edilme ilkelerine uygun bir \u015fekilde i\u015flenir.<\/p>\n<p>Ki\u015fisel verileriniz; \u015firketimiz faaliyetlerini ve i\u015f s\u00fcre\u00e7lerini devam ettirmek i\u00e7in yurti\u00e7i ve\/veya yurtd\u0131\u015f\u0131nda bulunan ve i\u015fbirli\u011fi yapt\u0131\u011f\u0131m\u0131z i\u015f ortaklar\u0131m\u0131za, \u015firketimiz hissedarlar\u0131na,\u00a0 tedarik\u00e7ilerimize, sigorta \u015firketlerimize, noter, banka ve finans kurulu\u015flar\u0131na, hukuk, mali m\u00fc\u015favirlik, vergi vb. benzeri alanlarda destek ald\u0131\u011f\u0131m\u0131z dan\u0131\u015fmanl\u0131k firmalar\u0131m\u0131za, kanunen yetkili kamu kurumlar\u0131na ve \u00f6zel ki\u015filere, \u015firketimiz ad\u0131na ki\u015fisel veri i\u015fleyen yurt i\u00e7i ve\/veya yurt d\u0131\u015f\u0131nda depolama, ar\u015fivleme, bili\u015fim teknolojileri deste\u011fi (sunucu, hosting, yaz\u0131l\u0131m, bulut bili\u015fim vb.) vs. alanlar\u0131nda destek ald\u0131\u011f\u0131m\u0131z hizmet sa\u011flay\u0131c\u0131lar\u0131m\u0131za, 6698 say\u0131l\u0131 Kanun\u2019un 8. ve 9. Maddelerinde belirtilen ki\u015fisel veri i\u015fleme \u015fartlar\u0131 ve yukarda belirtilen ama\u00e7lar \u00e7er\u00e7evesinde aktar\u0131labilecektir.<\/p>\n<p><b>K\u0130\u015e\u0130SEL VER\u0130S\u0130 \u0130\u015eLENEN \u0130LG\u0130L\u0130 K\u0130\u015e\u0130N\u0130N HAKLARI\u00a0<\/b><\/p>\n<p>Ki\u015fisel veri sahibi olarak Kanun\u2019un 11. maddesi uyar\u0131nca a\u015fa\u011f\u0131daki haklara sahip oldu\u011funuzu bildiririz:<\/p>\n<ul>\n<li aria-level=\"1\">Ki\u015fisel veri i\u015flenip i\u015flenmedi\u011fini \u00f6\u011frenme,<\/li>\n<li aria-level=\"1\">Ki\u015fisel verileri i\u015flenmi\u015fse buna ili\u015fkin bilgi talep etme,<\/li>\n<li aria-level=\"1\">Ki\u015fisel verilerin i\u015flenme amac\u0131n\u0131 ve bunlar\u0131n amac\u0131na uygun kullan\u0131l\u0131p kullan\u0131lmad\u0131\u011f\u0131n\u0131 \u00f6\u011frenme,<\/li>\n<li aria-level=\"1\">Yurt i\u00e7inde veya yurt d\u0131\u015f\u0131nda ki\u015fisel verilerin aktar\u0131ld\u0131\u011f\u0131 \u00fc\u00e7\u00fcnc\u00fc ki\u015fileri bilme,<\/li>\n<li aria-level=\"1\">Ki\u015fisel verilerin eksik veya yanl\u0131\u015f i\u015flenmi\u015f olmas\u0131 h\u00e2linde bunlar\u0131n d\u00fczeltilmesini isteme,<\/li>\n<li aria-level=\"1\">Ki\u015fisel verilerin silinmesini veya yok edilmesini isteme,<\/li>\n<li aria-level=\"1\">Ki\u015fisel verilerin d\u00fczeltilmesi, silinmesi ya da yok edilmesi halinde bu i\u015flemlerin ki\u015fisel verilerin aktar\u0131ld\u0131\u011f\u0131 \u00fc\u00e7\u00fcnc\u00fc ki\u015filere bildirilmesini isteme,<\/li>\n<li aria-level=\"1\">\u0130\u015flenen verilerin m\u00fcnhas\u0131ran otomatik sistemler vas\u0131tas\u0131yla analiz edilmesi suretiyle ki\u015finin kendisi aleyhine bir sonucun ortaya \u00e7\u0131kmas\u0131na itiraz etme,<\/li>\n<li aria-level=\"1\">Ki\u015fisel verilerin kanuna ayk\u0131r\u0131 olarak i\u015flenmesi sebebiyle zarara u\u011framas\u0131 h\u00e2linde zarar\u0131n giderilmesini talep etme.<\/li>\n<\/ul>\n<p>Toplad\u0131\u011f\u0131m\u0131z ve i\u015fledi\u011fimiz ki\u015fisel verilerinizin 6698 say\u0131l\u0131 Ki\u015fisel Verilerin \u0130\u015flenmesi Kanunu 4. Maddesi gere\u011fince do\u011fru ve gerekti\u011finde g\u00fcncel olmas\u0131 gerekmektedir. Bu nedenle, ki\u015fisel verilerinizde herhangi bir de\u011fi\u015fiklik meydana gelmesi halinde, g\u00fcncel ve do\u011fru ki\u015fisel bilgilerinizi a\u015fa\u011f\u0131da belirtilen y\u00f6ntemlerle bildirebilirsiniz.<\/p>\n<p><b>TALEPLER\u0130N\u0130Z \u0130\u00c7\u0130N B\u0130Z\u0130MLE \u0130LET\u0130\u015e\u0130ME GE\u00c7MEK \u0130STERSEN\u0130Z<\/b><\/p>\n<p><b>Yaz\u0131l\u0131 olarak talepte bulunulmas\u0131 halinde;<\/b><\/p>\n<p>\u0130nternet sitemizde (https:\/\/prodar.com.tr\/) yer alan \u201cKVKK\u00a0 Ba\u015fvuru Formu\u201dnun \u0131slak imzal\u0131 bir n\u00fcshas\u0131n\u0131, kimli\u011finizi tespit edici bir belge ile \u015fahsen veya 11. Madde kapsam\u0131nda say\u0131lan haklara ili\u015fkin ba\u015fvuru yapmaya yetkili oldu\u011funuzu g\u00f6sterir ve noter tasdikli bir vek\u00e2letname ile vekaleten teslim edebilir, ya da noter arac\u0131l\u0131\u011f\u0131yla \u201cSo\u011fanl\u0131k Orta Mh. D100 Kuzey Yanyol \u00dczeri Safi Espadon Residence No:26 Kat:9 Daire:93\/94 Kartal\/ \u0130stanbul\u201d adresine g\u00f6nderebilirsiniz.<\/p>\n<p><b>Elektronik olarak talepte bulunulmas\u0131 halinde;<\/b><\/p>\n<p>KVKK Ba\u015fvuru Formu\u2019nu, 5070 say\u0131l\u0131 Elektronik \u0130mza Kanunu\u2019nda tan\u0131ml\u0131 olan \u201cg\u00fcvenli elektronik imza\u201d sertifikas\u0131na sahip bir elektronik ya da mobil imza ile imzalayarak,\u00a0 \u015eirketimiz Kay\u0131tl\u0131 Elektronik Posta (KEP) adresine (prodarmuhendislik@hs06.kep.tr), yada \u015eirketimize daha \u00f6nce bildirdi\u011finiz ve sistemlerimizde kay\u0131tl\u0131 bulunan elektronik posta adresini kullanmak suretiyle \u201cinfo@prodar.com.tr\u201d e-posta adresine iletebilirsiniz.<\/p>\n<p>(Taraf\u0131m\u0131zca, ba\u015fvurunun size ait olup olmad\u0131\u011f\u0131n\u0131n tespiti ve haklar\u0131n\u0131z\u0131n korunmas\u0131 amac\u0131yla ek do\u011frulamalar (kay\u0131tl\u0131 e-posta adresinize mesaj g\u00f6nderilmesi, aranman\u0131z gibi) istenebilir. Ba\u015fvurunun, ki\u015fisel veri sahipleri ad\u0131na \u00fc\u00e7\u00fcnc\u00fc ki\u015filer taraf\u0131ndan yap\u0131lmas\u0131 halinde, ba\u015fvuruda bulunacak ki\u015fiye, veri sahibi taraf\u0131ndan noterde d\u00fczenlenmi\u015f \u00f6zel yetkili vekaletname vermesi gerekmektedir.)<\/p>\n<p>\u015eirketimize iletti\u011finiz talepleriniz, talebinizin niteli\u011fine g\u00f6re en k\u0131sa s\u00fcrede ve en ge\u00e7 otuz g\u00fcn i\u00e7erisinde, yaz\u0131l\u0131 olarak veya elektronik ortamda cevapland\u0131r\u0131lacakt\u0131r.<\/p>\n<p><b>PRODAR M\u00dcH.\u0130N\u015e.SAN.T\u0130C.LTD.\u015eT\u0130.\u00a0<\/b><\/p>\n<p><b>Adres : <\/b>So\u011fanl\u0131k Orta Mh. D100 Kuzey Yanyol \u00dczeri Safi Espadon Residence No:26 Kat:9 Daire:93\/94 Kartal\/ \u0130stanbul<\/p>\n<p><b>Tel : <\/b>0(216) 621 3104<\/p>\n<p><b>Email :<\/b> info@prodar.com.tr<\/p>\n<p>&nbsp;[\/vc_column_text][\/vc_column][\/vc_row]<\/p>\n","protected":false},"excerpt":{"rendered":"<p>[vc_row][vc_column][vc_column_text]K\u0130\u015e\u0130SEL VER\u0130LER\u0130N \u0130\u015eLENMES\u0130 AYDINLATMA METN\u0130 \u201cProdar M\u00fch. \u0130n\u015f. San. Tic. Ltd. \u015eti.\u201d olarak 6698 say\u0131l\u0131 Ki\u015fisel Verilerin Korunmas\u0131 Kanunu\u2019nun (\u201cKVKK\u201d) 10. maddesi uyar\u0131nca sizi ki\u015fisel veri i\u015fleme, i\u015flenen ki\u015fisel verilerinizin aktar\u0131lmas\u0131, ki\u015fisel verilerinizin toplanma y\u00f6ntemleri ve hukuki sebebi ile KVKK&#8230;<\/p>\n","protected":false},"author":3,"featured_media":0,"parent":736,"menu_order":0,"comment_status":"closed","ping_status":"closed","template":"","meta":[],"_links":{"self":[{"href":"https:\/\/prodar.com.tr\/tr\/wp-json\/wp\/v2\/pages\/741"}],"collection":[{"href":"https:\/\/prodar.com.tr\/tr\/wp-json\/wp\/v2\/pages"}],"about":[{"href":"https:\/\/prodar.com.tr\/tr\/wp-json\/wp\/v2\/types\/page"}],"author":[{"embeddable":true,"href":"https:\/\/prodar.com.tr\/tr\/wp-json\/wp\/v2\/users\/3"}],"replies":[{"embeddable":true,"href":"https:\/\/prodar.com.tr\/tr\/wp-json\/wp\/v2\/comments?post=741"}],"version-history":[{"count":4,"href":"https:\/\/prodar.com.tr\/tr\/wp-json\/wp\/v2\/pages\/741\/revisions"}],"predecessor-version":[{"id":769,"href":"https:\/\/prodar.com.tr\/tr\/wp-json\/wp\/v2\/pages\/741\/revisions\/769"}],"up":[{"embeddable":true,"href":"https:\/\/prodar.com.tr\/tr\/wp-json\/wp\/v2\/pages\/736"}],"wp:attachment":[{"href":"https:\/\/prodar.com.tr\/tr\/wp-json\/wp\/v2\/media?parent=741"}],"curies":[{"name":"wp","href":"https:\/\/api.w.org\/{rel}","templated":true}]}}