{"id":749,"date":"2022-03-16T23:54:59","date_gmt":"2022-03-16T21:54:59","guid":{"rendered":"https:\/\/prodar.com.tr\/tr\/?page_id=749"},"modified":"2024-08-08T04:11:58","modified_gmt":"2024-08-08T02:11:58","slug":"turkish-cerez-politikasi","status":"publish","type":"page","link":"https:\/\/prodar.com.tr\/tr\/kisisel-verilerin-korunmasi\/cerez-politikasi\/","title":{"rendered":"\u00c7erez Politikas\u0131"},"content":{"rendered":"\n\n\n<p>\u201chttps:\/\/prodar.com.tr\u201d&nbsp; alan adl\u0131 internet sitesi (\u201cWeb Sitesi\u201d), \u201cSo\u011fanl\u0131k Orta Mh. D100 Kuzey Yanyol \u00dczeri Safi Espadon Residence No:26 Kat:9 Daire:93\/94 Kartal\/ \u0130stanbul<strong>\u201d <\/strong>adresinde bulunan <strong>Prodar M\u00fch. \u0130n\u015f. San. Tic. Ltd. \u015eti. <\/strong>(Bundan b\u00f6yle k\u0131saca \u201c<strong>Prodar<\/strong>\u201d olarak an\u0131lacakt\u0131r) veri sorumlusu s\u0131fat\u0131yla, ki\u015fisel verilerin i\u015fleme ama\u00e7lar\u0131n\u0131n ve vas\u0131talar\u0131n\u0131n belirlenmesinden, veri kay\u0131t sisteminin kurulmas\u0131ndan ve y\u00f6netilmesinden sorumludur.<\/p>\n\n\n\n<p>6698 say\u0131l\u0131 Ki\u015fisel Verilerin Korunmas\u0131 Kanunu\u2019na (\u201cKanun\u201d) uygun olarak, Web Sitesi\u2019ni kullan\u0131m\u0131n\u0131zla ba\u011flant\u0131l\u0131 olarak elde edilen ki\u015fisel verilerinizin toplanmas\u0131, saklanmas\u0131, aktar\u0131lmas\u0131 da dahil olmak \u00fczere ancak bunlarla s\u0131n\u0131rl\u0131 olmaks\u0131z\u0131n Kanun\u2019un \u201cTan\u0131mlar\u201d ba\u015fl\u0131kl\u0131 3. maddesi kapsam\u0131nda i\u015flenmesi ve s\u00f6z konusu i\u015flemenin usul ve esaslar\u0131yla ilgili olarak sizi bilgilendirmek istiyoruz.<\/p>\n\n\n\n<ol><li><strong>Ki\u015fisel Verilerin Hangi Ama\u00e7la \u0130\u015flenece\u011fi:&nbsp;<\/strong><\/li><\/ol>\n\n\n\n<p>Ki\u015fisel veri, Kanun\u2019un \u201cTan\u0131mlar\u201d ba\u015fl\u0131kl\u0131 3. maddesine g\u00f6re, ki\u015fisel veri; \u201ckimli\u011fi belirli veya belirlenebilir ger\u00e7ek ki\u015fiye ili\u015fkin her t\u00fcrl\u00fc bilgiyi\u201d ifade eder. Bu veriler i\u00e7erisinde, ad\u0131n\u0131z, adresiniz, e-posta adresiniz veya telefon numaran\u0131z vb. bilgiler olabilir. Ayr\u0131ca, \u00e7erez kullan\u0131lmak suretiyle toplanan ve kimli\u011finizin belirlenmesine do\u011frudan olanak vermeyen bilgiler\/veriler, (\u00f6rne\u011fin Web Sitesi\u2019ni nas\u0131l kulland\u0131\u011f\u0131n\u0131z, sitenin hangi b\u00f6l\u00fcmlerini ziyaret etti\u011finiz gibi bilgiler), e\u011fer bunlar kullan\u0131c\u0131ya\/ziyaret\u00e7iye tahsis edilmi\u015f bir kimlik temelindeyse ve dolay\u0131s\u0131yla bireyselle\u015ftirilerek toplanm\u0131\u015f, saklanm\u0131\u015f ve de\u011ferlendirilmi\u015fse, ki\u015fisel veri olarak nitelendirilebilir.&nbsp;<\/p>\n\n\n\n<p>&nbsp;Web Sitesi\u2019ni kullanan internet kullan\u0131c\u0131lar\u0131n\u0131n ve ziyaret\u00e7ilerin ki\u015fisel verilerini, \u00e7erezler vas\u0131tas\u0131yla Web Sitesi\u2019nin kullan\u0131m\u0131n\u0131 kolayla\u015ft\u0131rmak, Web Sitesi\u2019ni, kullan\u0131c\u0131lar\u0131n ve ziyaret\u00e7ilerin ilgi ve ihtiya\u00e7lar\u0131 do\u011frultusunda \u00f6zelle\u015ftirmek amac\u0131yla i\u015flemekteyiz. Ayr\u0131ca Web Sitesi kullan\u0131c\u0131lar\u0131n\u0131n ve ziyaret\u00e7ilerinin Web Sitesi\u2019ni nas\u0131l kulland\u0131klar\u0131n\u0131 anlamam\u0131z\u0131 sa\u011flayan isimsiz ve toplu istatistiki verileri bir araya getirmemize ve Web Sitesi\u2019nin yap\u0131lar\u0131n\u0131 ve i\u00e7eriklerini geli\u015ftirmemize yard\u0131mc\u0131 olmalar\u0131 ama\u00e7lar\u0131yla i\u015flemekteyiz. Bu veriler sizin kimli\u011finizi tan\u0131mlamam\u0131z\u0131 sa\u011flayabilecek bilgiler de\u011fildir.&nbsp;<\/p>\n\n\n\n<ol start=\"2\"><li><strong>Ki\u015fisel Verilerin Kimlere ve Hangi Ama\u00e7la Aktar\u0131labilece\u011fi:<\/strong><\/li><\/ol>\n\n\n\n<p>&nbsp;Toplanan ki\u015fisel verileriniz, Kanun\u2019un 8. ve 9. maddelerinde uyar\u0131nca, Prodar &nbsp; olarak hukuki y\u00fck\u00fcml\u00fcl\u00fc\u011f\u00fcm\u00fcz\u00fc yerine getirebilmek ama\u00e7lar\u0131yla kanunen yetkili k\u0131l\u0131nan mercilerin talebi \u00fczerine bu mercilerle gerekti\u011fi \u00f6l\u00e7\u00fcde payla\u015f\u0131labilecektir.&nbsp;&nbsp;&nbsp;&nbsp;<\/p>\n\n\n\n<ol start=\"3\"><li><strong>Ki\u015fisel Veri Toplaman\u0131n Y\u00f6ntemi ve Hukuki Sebebi:<\/strong><\/li><\/ol>\n\n\n\n<p>Mevcut ve potansiyel internet kullan\u0131c\u0131lar\u0131 ve ziyaret\u00e7iler ile ilgili ki\u015fisel veriler, Web Sitesi&#8217;ne \u00e7erez konumland\u0131r\u0131lmas\u0131 suretiyle Prodar taraf\u0131ndan, Prodar\u2019\u0131n faaliyetlerini y\u00fcr\u00fctebilmesi ve faaliyet konusu \u00fcr\u00fcnlerin sunulmas\u0131 ve veri sahiplerinin temel hak ve \u00f6zg\u00fcrl\u00fcklerine zarar vermemek kayd\u0131yla Prodar\u2018\u0131n me\u015fru menfaati hukuki sebebine dayal\u0131 olarak toplanmaktad\u0131r.<\/p>\n\n\n\n<ol start=\"4\"><li><strong>A\u011f Sunucusu Veri G\u00fcnl\u00fc\u011f\u00fc:<\/strong><\/li><\/ol>\n\n\n\n<p>Web Sitesi\u2019ne giri\u015f yapt\u0131\u011f\u0131n\u0131zda, a\u011f taray\u0131c\u0131n\u0131z a\u015fa\u011f\u0131daki verileri, internet sunucumuza otomatik olarak aktarmaya ayarlan\u0131r, sonras\u0131nda ise veri kay\u0131tlar\u0131na a\u015fa\u011f\u0131daki bilgileri\/verileri kaydeder.<\/p>\n\n\n\n<ul><li>Giri\u015f tarihi,<\/li><li>Giri\u015f zaman\u0131,<\/li><li>Ba\u015fvuru internet sitesinin URL\u2019si,<\/li><li>Al\u0131nan dosyalar,<\/li><li>\u0130letilen veri miktar\u0131,<\/li><li>Taray\u0131c\u0131 (Browser) tipi ve versiyonu,<\/li><li>\u0130\u015fletim sistemi,<\/li><li>IP adresi,<\/li><li>\u0130nternete eri\u015fim sa\u011flay\u0131c\u0131n\u0131z\u0131n alan ad\u0131.<\/li><\/ul>\n\n\n\n<ol start=\"5\"><li><strong>\u00c7erezler<\/strong><\/li><\/ol>\n\n\n\n<p>\u00c7erezler internet sayfas\u0131 sunucusu taraf\u0131ndan sabit s\u00fcr\u00fcc\u00fcn\u00fcze yerle\u015ftirilen k\u00fc\u00e7\u00fck metin dosyalar\u0131d\u0131r. Bu yolla, IP adresi, kullan\u0131lan taray\u0131c\u0131, bilgisayar\u0131n\u0131zdaki i\u015fletim sistemi ve internet ba\u011flant\u0131n\u0131z gibi belirli verileri otomatik olarak elde ederiz.&nbsp;<\/p>\n\n\n\n<p>Bu Web Sitesi, Google Inc. (\u201cGoogle\u201d) taraf\u0131ndan sa\u011flanan bir web analizi hizmeti olan Google Analytics\u2019i kullanmaktad\u0131r. Google Analytics, web sitesinin, kullan\u0131c\u0131lar\u0131n siteyi nas\u0131l kulland\u0131klar\u0131n\u0131 analiz etmesine yard\u0131m etmek i\u00e7in \u00e7erezleri kullan\u0131r. Web Sitesini kullan\u0131m\u0131n\u0131zla ilgili olarak \u00e7erez taraf\u0131ndan olu\u015fturulan bilgiler (IP adresiniz dahil), Google\u2019a iletilecek ve Google taraf\u0131ndan ABD\u2019de bulunan sunucularda tutulacakt\u0131r. Google, bu bilgileri Web Sitesi\u2019ni<br><br>              1.Kanun\u2019un \u201cTan\u0131mlar\u201d ba\u015fl\u0131kl\u0131 3.1.(e) maddesine g\u00f6re, \u201cKi\u015fisel Verilerin \u0130\u015flenmesi\u201d: Ki\u015fisel verilerin tamamen veya k\u0131smen otomatik olan ya da herhangi bir veri kay\u0131t sisteminin par\u00e7as\u0131 olmak kayd\u0131yla otomatik olmayan yollarla elde edilmesi, kaydedilmesi, depolanmas\u0131, muhafaza edilmesi, de\u011fi\u015ftirilmesi, yeniden d\u00fczenlenmesi, a\u00e7\u0131klanmas\u0131, aktar\u0131lmas\u0131, devral\u0131nmas\u0131, elde edilebilir hale getirilmesi, s\u0131n\u0131fland\u0131r\u0131lmas\u0131 ya da kullan\u0131lmas\u0131n\u0131n engellenmesi gibi veriler \u00fczerinde ger\u00e7ekle\u015ftirilen her t\u00fcrl\u00fc i\u015flemi, ifade eder.<\/p>\n\n\n\n<p><br>kullanma \u015feklinizi de\u011ferlendirmek, Web Sitesi aktivitesine ili\u015fkin raporlar derlemek ve Web Sitesi aktivitesi ve internet kullan\u0131m\u0131 ile ilgili di\u011fer hizmetleri sunmak amac\u0131yla kullanacakt\u0131r.&nbsp;<\/p>\n\n\n\n<p>Sitemizin kulland\u0131\u011f\u0131 zorunlu, fonksiyonel ve analitik \u00e7erezler:<\/p>\n\n\n\n<ul><li>\u0130nternet sitesi aray\u00fcz\u00fcn\u00fcn ve \u00f6zelliklerinin arzu edildi\u011fi gibi kullan\u0131lmas\u0131 i\u00e7in zorunludur.<\/li><li>Gelecekte bulunaca\u011f\u0131n\u0131z ziyaretler s\u0131ras\u0131ndaki faaliyetleri h\u0131zland\u0131rman\u0131z\u0131 sa\u011flar.<\/li><li>\u0130nternet sitesinin ziyaret\u00e7iler taraf\u0131ndan nas\u0131l kullan\u0131ld\u0131\u011f\u0131n\u0131 anlamam\u0131z\u0131 sa\u011flayarak, istatistiki verileri bir araya getirmemize ve bu veriler do\u011frultusunda i\u00e7erik geli\u015ftirmemize yard\u0131mc\u0131 olur.<\/li><li>Hi\u00e7bir ko\u015fulda kimli\u011finizi tan\u0131mlayabilece\u011fimiz verileri toplamaz, saklamaz ve i\u015flememizi sa\u011flamaz, ki\u015fisel veri niteli\u011fi ta\u015f\u0131maz.<\/li><\/ul>\n\n\n\n<figure class=\"wp-block-table\"><table><tbody><tr><td><\/td><td><strong>\u00c7EREZ T\u00dcR\u00dc<\/strong><\/td><td><strong>\u00c7EREZ KULLANIM AMA\u00c7LARI&nbsp;<\/strong><\/td><\/tr><tr><td><strong>1.<\/strong><\/td><td><strong>GEREKL\u0130 \u00c7EREZLER<\/strong><\/td><td>Bu t\u00fcr \u00e7erezler, Web Sitesi\u2019nin d\u00fczg\u00fcn bir \u015fekilde \u00e7al\u0131\u015fabilmesi ve Web Sitesi\u2019nin sundu\u011fu t\u00fcm \u00f6zellikleri kullanabilmenizi sa\u011flar. Ayn\u0131 oturum i\u00e7erisinde bir sayfaya geri d\u00f6n\u00fcld\u00fc\u011f\u00fcnde \u00f6nceki eylemi hat\u0131rlama buna \u00f6rnek verilebilir. Bu \u00e7erezler kimli\u011finizi tan\u0131mlamaz. Bu \u00e7erezleri kabul etmezseniz, Web Sitesi\u2019nin t\u00fcm \u00f6zelliklerinden faydalanamayabilirsiniz.<\/td><\/tr><tr><td><strong>2.<\/strong><\/td><td><strong>PERFORMANS \u00c7EREZLER\u0130<\/strong><\/td><td>Bu t\u00fcr \u00e7erezler, Web Sitesi\u2019ni iyile\u015ftirebilmemiz i\u00e7in, Web Sitesi\u2019nin nas\u0131l kullan\u0131ld\u0131\u011f\u0131 hakk\u0131nda bilgi toplar. \u00d6rne\u011fin, en \u00e7ok hangi sayfalar\u0131 ziyaret etti\u011finiz, Web Sitesi\u2019nde ge\u00e7irilen zaman ve kar\u015f\u0131la\u015ft\u0131\u011f\u0131n\u0131z hata mesajlar\u0131 hakk\u0131nda veri\/bilgi toplar. Bu \u00e7erezler taraf\u0131ndan toplanan veriler\/bilgiler anonim-isimsiz olarak kaydedilir. Sizin kimli\u011finizi belirleyebilecek herhangi bir bilgi depolanmaz.<\/td><\/tr><tr><td><strong>3.<\/strong><\/td><td><strong>\u0130\u015eLEVSEL \u00c7EREZLER<\/strong><\/td><td>Bu t\u00fcr \u00e7erezler, size daha ki\u015fisel bir deneyim sunmam\u0131z\u0131 sa\u011flar. Bunlar, \u00f6rne\u011fin kullan\u0131c\u0131 ad\u0131n\u0131z ve dil tercihleri gibi verileri hat\u0131rlamam\u0131z\u0131 sa\u011flar, sonraki ziyaretlerinize, bu bilgileri yeniden girmek zorunda kalmazs\u0131n\u0131z. Bu \u00e7erezlerin depoland\u0131\u011f\u0131 bilgi isimsizdir. Bu t\u00fcr \u00e7erezleri kabul etmezseniz, Web Sitesi\u2019nin performans ve i\u015flevselli\u011fi etkilenebilir ve Web Sitesi\u2019ndeki baz\u0131 i\u00e7eriklere eri\u015fim sa\u011flanamayabilir.<\/td><\/tr><tr><td><strong>4.<\/strong><\/td><td><strong>HEDEFLEME\/REKLAM \u00c7EREZLER\u0130<\/strong><\/td><td>Bu t\u00fcr \u00e7erezler size ve ilgi alanlar\u0131n\u0131za yak\u0131n olan i\u00e7erikleri\/\u00fcr\u00fcnleri sunmak amac\u0131yla kullan\u0131l\u0131r. \u00d6rne\u011fin, Web Sitesinde size sunulan reklamlar\u0131 ve i\u00e7eri\u011fi ki\u015fiselle\u015ftirmek, Web Sitesi\u2019nde ayn\u0131 reklam\u0131 g\u00f6rme s\u0131kl\u0131\u011f\u0131n\u0131 s\u0131n\u0131rlamak ve reklam kampanyalar\u0131m\u0131z\u0131n etkinli\u011fini \u00f6l\u00e7mek amac\u0131yla hedefleme veya reklam \u00e7erezlerini kullanmamaktay\u0131z.<\/td><\/tr><\/tbody><\/table><\/figure>\n\n\n\n<ol start=\"6\"><li><strong>\u00c7erez Ayarlar\u0131 Y\u00f6netme<\/strong><\/li><\/ol>\n\n\n\n<p>Web Sitesi\u2019ni m\u00fcmk\u00fcn olan en verimli \u015fekilde kullanabilmeniz i\u00e7in \u00e7erezleri kabul etmenizi tavsiye ederiz. \u00c7erezler olmadan da Web Sitesi\u2019ni g\u00f6r\u00fcnt\u00fcleyebilirsiniz. \u0130nternet taray\u0131c\u0131lar\u0131 istedi\u011finiz zaman \u00e7erezleri kabul edecek \u015fekilde kuruludur. Taray\u0131c\u0131 ayarlar\u0131n\u0131z vas\u0131tas\u0131yla \u00e7erezlerin kullan\u0131m\u0131n\u0131 her zaman durdurabilirsiniz.&nbsp; \u00c7erezlerinizi y\u00f6netme ayarlar\u0131n\u0131n nas\u0131l de\u011fi\u015ftirilece\u011fini \u00f6\u011frenmek i\u00e7in l\u00fctfen taray\u0131c\u0131n\u0131z\u0131n yard\u0131m fonksiyonunuzu kullan\u0131n\u0131z. \u00c7erezlerin kullan\u0131m\u0131n\u0131 durdurdu\u011funuzda veya \u00e7erez ayarlar\u0131n\u0131 de\u011fi\u015ftirdi\u011finizde, internet sitemizin baz\u0131 fonksiyonlar\u0131n\u0131n d\u00fczg\u00fcn \u00e7al\u0131\u015fmayabilece\u011fini unutmay\u0131n\u0131z.<\/p>\n\n\n\n<ol start=\"7\"><li><strong>Veri Sahibinin Haklar\u0131<\/strong><\/li><\/ol>\n\n\n\n<p>Kanun\u2019un \u201c\u0130lgili Ki\u015finin Haklar\u0131\u201d ba\u015fl\u0131kl\u0131 11. maddesi uyar\u0131nca; veri sahibi olarak, yaz\u0131l\u0131 veya Ki\u015fisel Verileri Koruma Kurulu\u2019nun belirledi\u011fi di\u011fer y\u00f6ntemlerle Prodar\u2019a ba\u015fvurarak, ki\u015fisel verilerinizin i\u015flenip i\u015flenmedi\u011fini \u00f6\u011frenme, ki\u015fisel verileriniz i\u015flenmi\u015fse buna ili\u015fkin bilgi talep etme, ki\u015fisel verileriniz i\u015fleniyorsa ki\u015fisel verilerin i\u015flenme amac\u0131n\u0131 ve bunlar\u0131n amac\u0131na uygun kullan\u0131l\u0131p kullan\u0131lmad\u0131\u011f\u0131n\u0131 \u00f6\u011frenme, ki\u015fisel verilerinizin yurt i\u00e7inde veya yurt d\u0131\u015f\u0131nda \u00fc\u00e7\u00fcnc\u00fc ki\u015filere aktar\u0131l\u0131yorsa, ki\u015fisel verilerin aktar\u0131ld\u0131\u011f\u0131 \u00fc\u00e7\u00fcnc\u00fc ki\u015fileri bilme, ki\u015fisel verileriniz eksik veya yanl\u0131\u015f i\u015flenmi\u015f olmas\u0131 halinde bunlar\u0131n d\u00fczeltilmesini isteme ve bu kapsamda yap\u0131lan i\u015flemin ki\u015fisel verilerin aktar\u0131ld\u0131\u011f\u0131 \u00fc\u00e7\u00fcnc\u00fc ki\u015filere bildirilmesini isteme, ki\u015fisel verilerinizin Kanun ve ilgili di\u011fer kanun h\u00fck\u00fcmlerine uygun olarak i\u015flenmi\u015f olmas\u0131na ra\u011fmen, i\u015flenmesini gerektiren sebeplerin ortadan kalkmas\u0131 halinde ki\u015fisel verilerinizin silinmesini veya yok edilmesini isteme ve bu kapsamda yap\u0131lan i\u015flemin ki\u015fisel verilerin aktar\u0131ld\u0131\u011f\u0131 \u00fc\u00e7\u00fcnc\u00fc ki\u015filere bildirilmesini isteme, i\u015flenen verilerin m\u00fcnhas\u0131ran otomatik sistemler vas\u0131tas\u0131yla analiz edilmesi suretiyle aleyhinize bir sonucun ortaya \u00e7\u0131kmas\u0131na itiraz etme, ki\u015fisel verilerinizin kanuna ayk\u0131r\u0131 olarak i\u015flenmesi sebebiyle zarara u\u011framan\u0131z halinde, zarar\u0131n giderilmesini talep etme haklar\u0131na sahipsiniz.<\/p>\n\n\n\n<p>Ba\u015fvurunuzda yer alan talepleriniz, talebin niteli\u011fine g\u00f6re en k\u0131sa s\u00fcrede ve en ge\u00e7 otuz g\u00fcn i\u00e7inde <strong>Prodar<\/strong> taraf\u0131ndan \u00fccretsiz olarak sonu\u00e7land\u0131r\u0131lacakt\u0131r. Ancak, i\u015flemin Prodar i\u00e7in ayr\u0131ca bir maliyeti gerektirmesi h\u00e2linde, Ki\u015fisel Verileri Koruma Kurulu taraf\u0131ndan belirlenen tarifedeki \u00fccret al\u0131nabilir.<\/p>\n\n\n\n<ol start=\"8\"><li><strong>Haklar\u0131n Kullan\u0131m\u0131, Ba\u015fvuru ve \u0130leti\u015fim<\/strong><\/li><\/ol>\n\n\n\n<p>Kanun kapsam\u0131nda yukar\u0131da belirtilen haklar\u0131n\u0131za ili\u015fkin taleplerinizi, buna ili\u015fkin olarak haz\u0131rlanm\u0131\u015f olan Veri Sorumlusuna Ba\u015fvuru Formunu tam ve eksiksiz doldurmak ve \u0131slak imza ile imzalamak suretiyle \u201c<strong>So\u011fanl\u0131k Orta Mh. D100 Kuzey Yanyol \u00dczeri Safi Espadon Residence No:26 Kat:9 Daire:93\/94 Kartal\/ \u0130stanbul<\/strong>\u201d adresine bizzat elden teslim edebilir, noter vas\u0131tas\u0131yla ve Kanun\u2019da belirtilen di\u011fer y\u00f6ntemler ile g\u00f6nderebilirsiniz.&nbsp;<\/p>\n\n\n\n<ol start=\"9\"><li><strong>Di\u011fer \u0130nternet Sitelerine Ba\u011flant\u0131<\/strong><\/li><\/ol>\n\n\n\n<p>Web Sitesi, di\u011fer internet sitelerine ait ba\u011flant\u0131lar i\u00e7ermektedir. Bu sitelerin y\u00f6neticilerinin veri koruma h\u00fck\u00fcmlerine uygun hareket edip etmedikleri hususunda hi\u00e7bir etkimiz bulunmamaktad\u0131r. Prodar &nbsp; link verdi\u011fi sitelerin i\u00e7eriklerinden (ve o sitelerin link verdi\u011fi di\u011fer sitelerin i\u00e7eriklerinden) sorumlu de\u011fildir ve ba\u011flant\u0131 sa\u011flad\u0131\u011f\u0131 sitelerin i\u00e7eriklerine m\u00fcdahale yetkisi bulunmamaktad\u0131r.<\/p>\n\n\n\n<ol start=\"10\"><li><strong>De\u011fi\u015fiklikler<\/strong><\/li><\/ol>\n\n\n\n<p>Web Sitesi, teknolojik ve hukuki geli\u015fmelere ba\u011fl\u0131 olarak de\u011fi\u015fim ve geli\u015fim g\u00f6stermekte oldu\u011fundan i\u015fbu \u00c7erez Politikas\u0131 da bu do\u011frultuda zaman zaman g\u00fcncellenecek olup, \u00c7erez Politikas\u0131\u2019n\u0131n g\u00fcncel hali \u201chttps:\/\/prodar.com.tr\u201d adresinde yay\u0131mlanarak sizlerin eri\u015fimine her daim haz\u0131r bulundurulacakt\u0131r.&nbsp;<\/p>\n","protected":false},"excerpt":{"rendered":"<p>\u201chttps:\/\/prodar.com.tr\u201d&nbsp; alan adl\u0131 internet sitesi (\u201cWeb Sitesi\u201d), \u201cSo\u011fanl\u0131k Orta Mh. D100 Kuzey Yanyol \u00dczeri Safi Espadon Residence No:26 Kat:9 Daire:93\/94 Kartal\/ \u0130stanbul\u201d adresinde bulunan Prodar M\u00fch. \u0130n\u015f. San. Tic. Ltd. \u015eti. (Bundan b\u00f6yle k\u0131saca \u201cProdar\u201d olarak an\u0131lacakt\u0131r) veri sorumlusu s\u0131fat\u0131yla,&#8230;<\/p>\n","protected":false},"author":3,"featured_media":0,"parent":736,"menu_order":0,"comment_status":"closed","ping_status":"closed","template":"","meta":[],"_links":{"self":[{"href":"https:\/\/prodar.com.tr\/tr\/wp-json\/wp\/v2\/pages\/749"}],"collection":[{"href":"https:\/\/prodar.com.tr\/tr\/wp-json\/wp\/v2\/pages"}],"about":[{"href":"https:\/\/prodar.com.tr\/tr\/wp-json\/wp\/v2\/types\/page"}],"author":[{"embeddable":true,"href":"https:\/\/prodar.com.tr\/tr\/wp-json\/wp\/v2\/users\/3"}],"replies":[{"embeddable":true,"href":"https:\/\/prodar.com.tr\/tr\/wp-json\/wp\/v2\/comments?post=749"}],"version-history":[{"count":5,"href":"https:\/\/prodar.com.tr\/tr\/wp-json\/wp\/v2\/pages\/749\/revisions"}],"predecessor-version":[{"id":775,"href":"https:\/\/prodar.com.tr\/tr\/wp-json\/wp\/v2\/pages\/749\/revisions\/775"}],"up":[{"embeddable":true,"href":"https:\/\/prodar.com.tr\/tr\/wp-json\/wp\/v2\/pages\/736"}],"wp:attachment":[{"href":"https:\/\/prodar.com.tr\/tr\/wp-json\/wp\/v2\/media?parent=749"}],"curies":[{"name":"wp","href":"https:\/\/api.w.org\/{rel}","templated":true}]}}