{"id":753,"date":"2022-03-17T00:09:52","date_gmt":"2022-03-16T22:09:52","guid":{"rendered":"https:\/\/prodar.com.tr\/tr\/?page_id=753"},"modified":"2022-03-17T00:19:29","modified_gmt":"2022-03-16T22:19:29","slug":"turkish-kvk-basvuru-formu","status":"publish","type":"page","link":"https:\/\/prodar.com.tr\/tr\/kisisel-verilerin-korunmasi\/kvk-basvuru-formu\/","title":{"rendered":"KVK Ba\u015fvuru Formu"},"content":{"rendered":"<p><\/p>\n<h2>Ki\u015fisel Verilerin Korunmas\u0131 Ba\u015fvuru Formu<\/h2>\n<p><a href=\"https:\/\/prodar.com.tr\/documents\/KVKK-Basvuru-Formu.pdf\" target=\"_blank\" rel=\"noopener\">Ki\u015fisel Verilerin Korunmas\u0131 Ba\u015fvuru Formu<\/a><\/p>","protected":false},"excerpt":{"rendered":"<p>Ki\u015fisel Verilerin Korunmas\u0131 Ba\u015fvuru Formu Ki\u015fisel Verilerin Korunmas\u0131 Ba\u015fvuru Formu<\/p>\n","protected":false},"author":3,"featured_media":0,"parent":736,"menu_order":0,"comment_status":"closed","ping_status":"closed","template":"","meta":[],"_links":{"self":[{"href":"https:\/\/prodar.com.tr\/tr\/wp-json\/wp\/v2\/pages\/753"}],"collection":[{"href":"https:\/\/prodar.com.tr\/tr\/wp-json\/wp\/v2\/pages"}],"about":[{"href":"https:\/\/prodar.com.tr\/tr\/wp-json\/wp\/v2\/types\/page"}],"author":[{"embeddable":true,"href":"https:\/\/prodar.com.tr\/tr\/wp-json\/wp\/v2\/users\/3"}],"replies":[{"embeddable":true,"href":"https:\/\/prodar.com.tr\/tr\/wp-json\/wp\/v2\/comments?post=753"}],"version-history":[{"count":3,"href":"https:\/\/prodar.com.tr\/tr\/wp-json\/wp\/v2\/pages\/753\/revisions"}],"predecessor-version":[{"id":757,"href":"https:\/\/prodar.com.tr\/tr\/wp-json\/wp\/v2\/pages\/753\/revisions\/757"}],"up":[{"embeddable":true,"href":"https:\/\/prodar.com.tr\/tr\/wp-json\/wp\/v2\/pages\/736"}],"wp:attachment":[{"href":"https:\/\/prodar.com.tr\/tr\/wp-json\/wp\/v2\/media?parent=753"}],"curies":[{"name":"wp","href":"https:\/\/api.w.org\/{rel}","templated":true}]}}